{"id":52,"date":"2015-08-22T16:37:03","date_gmt":"2015-08-22T16:37:03","guid":{"rendered":"http:\/\/revistamirador.es\/?page_id=52"},"modified":"2015-08-25T21:59:51","modified_gmt":"2015-08-25T21:59:51","slug":"paginas-amigas","status":"publish","type":"page","link":"http:\/\/revistamirador.es\/?page_id=52","title":{"rendered":"P\u00e1ginas Amigas"},"content":{"rendered":"<p><em><strong>P\u00e1gina don<a href=\"http:\/\/fotomirador.com\/\" target=\"_blank\"><img loading=\"lazy\" class=\"alignright wp-image-55 \" src=\"http:\/\/revistamirador.es\/wp-content\/uploads\/2015\/08\/fotomirador-minilogo-150x150.jpg\" alt=\"fotomirador minilogo\" width=\"68\" height=\"68\" srcset=\"http:\/\/revistamirador.es\/wp-content\/uploads\/2015\/08\/fotomirador-minilogo-150x150.jpg 150w, http:\/\/revistamirador.es\/wp-content\/uploads\/2015\/08\/fotomirador-minilogo-300x299.jpg 300w, http:\/\/revistamirador.es\/wp-content\/uploads\/2015\/08\/fotomirador-minilogo.jpg 301w\" sizes=\"(max-width: 68px) 100vw, 68px\" \/><\/a>de podr\u00e1s realizar tus fotograf\u00edas de Boda, Comuni\u00f3n, Estudio y todo tipo de reportajes.<\/strong><\/em><\/p>\n<p>&nbsp;<\/p>\n","protected":false},"excerpt":{"rendered":"<p> &#8230; <a title=\"P\u00e1ginas Amigas\" class=\"read-more\" href=\"http:\/\/revistamirador.es\/?page_id=52\" aria-label=\"M\u00e1s en P\u00e1ginas Amigas\">Leer m\u00e1s<\/a><\/p>\n","protected":false},"author":1,"featured_media":0,"parent":0,"menu_order":0,"comment_status":"closed","ping_status":"closed","template":"","meta":{"_generate-full-width-content":"","ngg_post_thumbnail":0},"_links":{"self":[{"href":"http:\/\/revistamirador.es\/index.php?rest_route=\/wp\/v2\/pages\/52"}],"collection":[{"href":"http:\/\/revistamirador.es\/index.php?rest_route=\/wp\/v2\/pages"}],"about":[{"href":"http:\/\/revistamirador.es\/index.php?rest_route=\/wp\/v2\/types\/page"}],"author":[{"embeddable":true,"href":"http:\/\/revistamirador.es\/index.php?rest_route=\/wp\/v2\/users\/1"}],"replies":[{"embeddable":true,"href":"http:\/\/revistamirador.es\/index.php?rest_route=%2Fwp%2Fv2%2Fcomments&post=52"}],"version-history":[{"count":5,"href":"http:\/\/revistamirador.es\/index.php?rest_route=\/wp\/v2\/pages\/52\/revisions"}],"predecessor-version":[{"id":248,"href":"http:\/\/revistamirador.es\/index.php?rest_route=\/wp\/v2\/pages\/52\/revisions\/248"}],"wp:attachment":[{"href":"http:\/\/revistamirador.es\/index.php?rest_route=%2Fwp%2Fv2%2Fmedia&parent=52"}],"curies":[{"name":"wp","href":"https:\/\/api.w.org\/{rel}","templated":true}]}}